{"id":812,"date":"2024-04-24T16:27:46","date_gmt":"2024-04-24T16:27:46","guid":{"rendered":"https:\/\/www.elguid.com\/Y008\/?page_id=812"},"modified":"2024-04-24T16:27:46","modified_gmt":"2024-04-24T16:27:46","slug":"pge_politique-de-confidentialite","status":"publish","type":"page","link":"https:\/\/www.elguid.com\/Y008\/pge_politique-de-confidentialite\/","title":{"rendered":"Politique de confidentialit\u00e9"},"content":{"rendered":"\n<p class=\"has-primary-color has-text-color has-link-color has-merriweather-font-family has-normal-font-size wp-elements-6232ac8961cbfa41d47ddfe7e200aaa0\">Article 1 : Pr\u00e9ambule<\/p>\n\n\n\n<div style=\"height:15px\" aria-hidden=\"true\" class=\"wp-block-spacer\"><\/div>\n\n\n\n<p class=\"has-merriweather-font-family\" style=\"font-size:14px\">ElGuide, qui fait partie d\u2019outlYing SUARL, vous estime en tant que partenaire et reconna\u00eet l\u2019importance que rev\u00eat la protection des donn\u00e9es \u00e0 vos yeux. La pr\u00e9sente D\u00e9claration sur la protection des donn\u00e9es vous explique comment nous collectons, utilisons et divulguons vos informations personnelles lorsque vous utilisez notre plateforme et les services connexes, ainsi que vos droits de d\u00e9termination concernant la mani\u00e8re dont nous traitons les donn\u00e9es que nous collectons et d\u00e9tenons \u00e0 votre sujet.<\/p>\n\n\n\n<p class=\"has-merriweather-font-family\" style=\"font-size:14px\">Cette politique vient compl\u00e9ter les mentions l\u00e9gales.<\/p>\n\n\n\n<div style=\"height:15px\" aria-hidden=\"true\" class=\"wp-block-spacer\"><\/div>\n\n\n\n<p class=\"has-primary-color has-text-color has-link-color has-merriweather-font-family has-normal-font-size wp-elements-ea8040700098eb48ea84a398d5bcc342\">Article 2 : Le respect des principes de traitement des donn\u00e9es \u00e0 caract\u00e8re personnel<\/p>\n\n\n\n<div style=\"height:15px\" aria-hidden=\"true\" class=\"wp-block-spacer\"><\/div>\n\n\n\n<p class=\"has-merriweather-font-family\" style=\"font-size:14px\">outlYing SUARL s\u2019engage au respect des dispositions du R\u00e8glement G\u00e9n\u00e9ral sur la Protection des Donn\u00e9es UE2016\/679 et de la loi informatique et libert\u00e9 du 6 janvier 1978. <br>Soucieux de la protection de vos donn\u00e9es, ElGuide s\u2019engage \u00e0 respecter les grands principes de la protection des donn\u00e9es personnelles, \u00e0 savoir :<br>\u2013 Le principe de finalit\u00e9.<br>\u2013 Le principe de pertinence et de minimisation.<br>\u2013 Le principe de lic\u00e9it\u00e9.<br>\u2013 Le principe de transparence et de respect des droits des personnes.<br>\u2013 Le principe d\u2019une dur\u00e9e de conservation limit\u00e9e. <br>\u2013 Le principe de s\u00e9curit\u00e9 et de confidentialit\u00e9.<br>Pour en savoir plus sur ces principes : Nous vous redirigeons vers le d\u00e9tail sur le site de la <a href=\"https:\/\/www.cnil.fr\/fr\/cnil-direct\/question\/quels-sont-les-grands-principes-des-regles-de-protection-des-donnees\" data-type=\"link\" data-id=\"https:\/\/www.cnil.fr\/fr\/cnil-direct\/question\/quels-sont-les-grands-principes-des-regles-de-protection-des-donnees\" target=\"_blank\" rel=\"noreferrer noopener\">CNIL<\/a>.<\/p>\n\n\n\n<div style=\"height:15px\" aria-hidden=\"true\" class=\"wp-block-spacer\"><\/div>\n\n\n\n<p class=\"has-primary-color has-text-color has-link-color has-merriweather-font-family has-normal-font-size wp-elements-7c50d26553b80edb59f7edd0297e1b01\">Article 3 : D\u00e9finition<\/p>\n\n\n\n<div style=\"height:15px\" aria-hidden=\"true\" class=\"wp-block-spacer\"><\/div>\n\n\n\n<p class=\"has-black-color has-text-color has-link-color has-merriweather-font-family wp-elements-b3f0499895c6622c7007ce60aef1de38\" style=\"font-size:14px\">Selon l\u2019article 4 du RGPD (r\u00e8glement g\u00e9n\u00e9ral sur la protection des donn\u00e9es) :<br>\u2013 \u00ab <strong>Donn\u00e9es \u00e0 caract\u00e8re personnel<\/strong> \u00bb : toute information relative \u00e0 une personne physique identifi\u00e9e ou identifiable, directement (nom, pr\u00e9nom\u2026) ou indirectement (adresse IP, fonction\u2026).<br>\u2013 \u00ab<strong> Traitement<\/strong> \u00bb : toute op\u00e9ration appliqu\u00e9e \u00e0 des donn\u00e9es \u00e0 caract\u00e8re personnel.<br>\u2013 \u00ab <strong>Responsable du traitement <\/strong>\u00bb : la personne physique ou morale d\u00e9terminant les finalit\u00e9s et les moyens du traitement.<br>\u2013 \u00ab <strong>Destinataire<\/strong> \u00bb : la personne physique ou morale qui re\u00e7oit communication de donn\u00e9es \u00e0 caract\u00e8re personnel.<br>\u2013 \u00ab <strong>Consentement<\/strong> \u00bb : toute manifestation de volont\u00e9, libre, sp\u00e9cifique, \u00e9clair\u00e9e et univoque par laquelle la personne concern\u00e9e accepte que des donn\u00e9es \u00e0 caract\u00e8re personnel la concernant fassent l\u2019objet d\u2019un traitement.<br>Autres d\u00e9finitions :<br>\u2013<strong> Adresse IP<\/strong> : une suite de chiffres qui permet d\u2019identifier un appareil connect\u00e9 \u00e0 Internet.<\/p>\n\n\n\n<div style=\"height:15px\" aria-hidden=\"true\" class=\"wp-block-spacer\"><\/div>\n\n\n\n<p class=\"has-primary-color has-text-color has-link-color has-merriweather-font-family has-normal-font-size wp-elements-e46c0296b4b977491de6557f07ab5304\">Article 4 : Responsable du traitement des donn\u00e9es<\/p>\n\n\n\n<div style=\"height:15px\" aria-hidden=\"true\" class=\"wp-block-spacer\"><\/div>\n\n\n\n<p class=\"has-merriweather-font-family\" style=\"font-size:14px\">Les donn\u00e9es \u00e0 caract\u00e8re personnel sont collect\u00e9es par la soci\u00e9t\u00e9 outlYing SUARL bas\u00e9e a 000 CYBER PARC SILIANA, 6100 Tunisie.<br>\u2013<strong>&nbsp;Contact<\/strong> :&nbsp;webmaster@elguid.com<\/p>\n\n\n\n<div style=\"height:15px\" aria-hidden=\"true\" class=\"wp-block-spacer\"><\/div>\n\n\n\n<p class=\"has-primary-color has-text-color has-link-color has-merriweather-font-family has-normal-font-size wp-elements-b3157b8d66a9b2b2bc467bd9f1e6584b\">Article 5 : Finalit\u00e9 des traitements<\/p>\n\n\n\n<div style=\"height:15px\" aria-hidden=\"true\" class=\"wp-block-spacer\"><\/div>\n\n\n\n<p class=\"has-merriweather-font-family\" style=\"font-size:14px\">La soci\u00e9t\u00e9 outlYing SUARL, en sa qualit\u00e9 de responsable de traitement, d\u00e9termine les finalit\u00e9s de traitement des donn\u00e9es personnelles :<br>\u2013 La gestion des cookies et autres traceurs.<br>\u2013 La gestion des acc\u00e8s \u00e0 la plateforme.<br>\u2013 L\u2019inscription sur notre plateforme pour vous permettre d\u2019avoir des missions \u00e0 distance.<\/p>\n\n\n\n<div style=\"height:15px\" aria-hidden=\"true\" class=\"wp-block-spacer\"><\/div>\n\n\n\n<p class=\"has-primary-color has-text-color has-link-color has-merriweather-font-family has-normal-font-size wp-elements-19e73491e40f1795fe64ff570932b5e0\">Article 6 : Cat\u00e9gorisation des donn\u00e9es \u00e0 caract\u00e8re personnel collect\u00e9es<\/p>\n\n\n\n<div style=\"height:15px\" aria-hidden=\"true\" class=\"wp-block-spacer\"><\/div>\n\n\n\n<p class=\"has-merriweather-font-family\" style=\"font-size:14px\">Dans le cadre de ses activit\u00e9s outlYing SUARL peut \u00eatre amen\u00e9e \u00e0 collecter les donn\u00e9es personnelles suivantes :<br>\u2013 Identification : nom, pr\u00e9nom, adresse mail, num\u00e9ro de t\u00e9l\u00e9phone.<br>\u2013 Donn\u00e9es de connexion : adresse IP, information d\u2019horodatage, adresse mail.<br>\u2013 Donn\u00e9es d\u2019inscription : date de naissance, nom, pr\u00e9nom, adresse mail, num\u00e9ro de t\u00e9l\u00e9phone, vos formations, autres informations que vous renseignez sur le formulaire.<\/p>\n\n\n\n<div style=\"height:15px\" aria-hidden=\"true\" class=\"wp-block-spacer\"><\/div>\n\n\n\n<p class=\"has-primary-color has-text-color has-link-color has-merriweather-font-family has-normal-font-size wp-elements-e1cc9ddb07de70838b5b4d4b38806cb0\">Article 7 : Dur\u00e9e de conservation et base l\u00e9gale<\/p>\n\n\n\n<div style=\"height:15px\" aria-hidden=\"true\" class=\"wp-block-spacer\"><\/div>\n\n\n\n<p class=\"has-merriweather-font-family\" style=\"font-size:14px\">Le tableau ci-dessous vous indique la dur\u00e9e de conservation de vos donn\u00e9es personnelles et la base l\u00e9gale qui permet leurs traitements.<\/p>\n\n\n\n<div style=\"height:15px\" aria-hidden=\"true\" class=\"wp-block-spacer\"><\/div>\n\n\n\n<figure class=\"wp-block-table is-style-stripes has-merriweather-font-family\" style=\"font-size:14px\"><table><thead><tr><th class=\"has-text-align-left\" data-align=\"left\">Finalit\u00e9 du traitement<\/th><th class=\"has-text-align-left\" data-align=\"left\">Base l\u00e9gale<\/th><th>Dur\u00e9e de conservation<\/th><\/tr><\/thead><tbody><tr><td class=\"has-text-align-left\" data-align=\"left\">Gestion des demandes de contact<\/td><td class=\"has-text-align-left\" data-align=\"left\">Consentement<\/td><td>Les donn\u00e9es fournies par l\u2019utilisateur dans le formulaire de contact sont conserv\u00e9es pendant le temps n\u00e9cessaire de traitement de la demande puis sont supprim\u00e9es.<\/td><\/tr><tr><td class=\"has-text-align-left\" data-align=\"left\">Gestion des cookies et autres traceurs<\/td><td class=\"has-text-align-left\" data-align=\"left\">Consentement<\/td><td>La dur\u00e9e de conservation des cookies et autres traceurs est de 13 mois maximum conform\u00e9ment aux lignes directrices de la CNIL.&nbsp;<\/td><\/tr><tr><td class=\"has-text-align-left\" data-align=\"left\">La gestion des acc\u00e8s \u00e0 la plateforme<\/td><td class=\"has-text-align-left\" data-align=\"left\">Int\u00e9r\u00eat l\u00e9gitime\/consentement<\/td><td>Les informations n\u00e9cessaires au traitement des acc\u00e8s \u00e0 la plateforme sont conserv\u00e9es jusqu\u2019\u00e0 6 mois maximum suivant la derni\u00e8re connexion.<\/td><\/tr><tr><td class=\"has-text-align-left\" data-align=\"left\">La gestion des inscriptions<\/td><td class=\"has-text-align-left\" data-align=\"left\">Consentement<\/td><td>Les informations n\u00e9cessaires \u00e0 l\u2019inscription sur notre plateforme, ne seront pas conserv\u00e9es pour une dur\u00e9e de 2 ans, renouvelables avec votre consentement (un mail vous sera envoy\u00e9 \u00e0 l\u2019approche de la fin du d\u00e9lai pour vous demander si vous souhaitez conserver votre inscription, si aucune r\u00e9ponse n\u2019est donn\u00e9e, nous supprimerons vos informations.).<\/td><\/tr><\/tbody><\/table><figcaption class=\"wp-element-caption\"><em>Dur\u00e9e de conservation et base l\u00e9gale<\/em><\/figcaption><\/figure>\n\n\n\n<div style=\"height:15px\" aria-hidden=\"true\" class=\"wp-block-spacer\"><\/div>\n\n\n\n<p class=\"has-primary-color has-text-color has-link-color has-merriweather-font-family has-normal-font-size wp-elements-5e850b473159e9ecd88089a483918ff0\">Article 8 : Destinataires des donn\u00e9es collect\u00e9es<\/p>\n\n\n\n<div style=\"height:15px\" aria-hidden=\"true\" class=\"wp-block-spacer\"><\/div>\n\n\n\n<p class=\"has-merriweather-font-family\" style=\"font-size:14px\">outlYing SUARL s\u2019engage \u00e0 ne communiquer les donn\u00e9es personnelles ne vous concernant qu\u2019au sein de sa structure. Par ailleurs, ElGuide s\u2019engage \u00e0 ce qu\u2019aucune donn\u00e9e personnelle ne soit vendue, c\u00e9d\u00e9e ou publi\u00e9e \u00e0 l\u2019insu de l\u2019utilisateur sur un quelconque support.<br>ElGuide s\u2019interdit de traiter, h\u00e9berger ou transf\u00e9rer les informations collect\u00e9es en dehors de l\u2019Union europ\u00e9enne ou dans un pays connu comme \u201cnon-ad\u00e9quat\u201d par la Commission europ\u00e9enne, sans le consentement pr\u00e9alable des personnes concern\u00e9es.<br>ElGuide, se r\u00e9serve, cependant, le choix des sous-traitants \u00e0 condition qu\u2019ils respectent et pr\u00e9sentent des garanties suffisantes pr\u00e9vues par le RGPD.<\/p>\n\n\n\n<div style=\"height:15px\" aria-hidden=\"true\" class=\"wp-block-spacer\"><\/div>\n\n\n\n<p class=\"has-primary-color has-text-color has-link-color has-merriweather-font-family has-normal-font-size wp-elements-880608f1acb2c59438ad82b6ca724ecf\">Article 9 : Les cookies<\/p>\n\n\n\n<div style=\"height:15px\" aria-hidden=\"true\" class=\"wp-block-spacer\"><\/div>\n\n\n\n<p class=\"has-merriweather-font-family\" style=\"font-size:14px\"><strong>Article 9.1 : Qu\u2019est-ce qu\u2019un cookie et pourquoi les utiliser ?<\/strong><\/p>\n\n\n\n<div style=\"height:15px\" aria-hidden=\"true\" class=\"wp-block-spacer\"><\/div>\n\n\n\n<p class=\"has-merriweather-font-family\" style=\"font-size:14px\">Un \u201ccookie\u201d est un fichier d\u2019information stock\u00e9 par un serveur sur votre ordinateur ou t\u00e9l\u00e9phone.<br>outlYing SUARL utilise des \u201ccookies\u201d pour offrir une meilleure exp\u00e9rience sur le site, garantir la s\u00e9curit\u00e9 des \u00e9changes entre votre terminal (ordinateur, t\u00e9l\u00e9phone..) et le site, ainsi qu\u2019assurer le bon fonctionnement du site internet et analyser ses performances.<br><\/p>\n\n\n\n<div style=\"height:15px\" aria-hidden=\"true\" class=\"wp-block-spacer\"><\/div>\n\n\n\n<p class=\"has-merriweather-font-family\" style=\"font-size:14px\"><strong>Article 9.2 : Les cat\u00e9gories de cookies utilis\u00e9es ?<\/strong><\/p>\n\n\n\n<div style=\"height:15px\" aria-hidden=\"true\" class=\"wp-block-spacer\"><\/div>\n\n\n\n<figure class=\"wp-block-table is-style-stripes has-merriweather-font-family\" style=\"font-size:14px\"><table><thead><tr><th>Cat\u00e9gorie<\/th><th>Description<\/th><\/tr><\/thead><tbody><tr><td>Cookie fonctionnels et techniques<\/td><td>Ces cookies sont n\u00e9cessaires au bon fonctionnement du site internet. En l\u2019absence de ces cookies, le site internet risque de ne pas fonctionner correctement ou vous emp\u00eacher d\u2019acc\u00e9der \u00e0 certaines fonctionnalit\u00e9s importantes.<\/td><\/tr><tr><td>Cookie de mesure d\u2019audience<\/td><td>Ces cookies permettent d\u2019analyser l\u2019utilisation du site web et son taux d\u2019audience afin de l\u2019am\u00e9liorer.<\/td><\/tr><tr><td>Cookie de r\u00e9seaux sociaux<\/td><td>Ces cookies peuvent \u00eatre g\u00e9n\u00e9r\u00e9s par les r\u00e9seaux sociaux. Ils permettent le partage du contenu de notre site sur les r\u00e9seaux, ou de visualiser du contenu sur notre site. Pour plus d\u2019information, veuillez consulter les politiques de confidentialit\u00e9 des r\u00e9seaux concern\u00e9s.<\/td><\/tr><\/tbody><\/table><figcaption class=\"wp-element-caption\"><em>Les cat\u00e9gories de cookies utilis\u00e9es<\/em><\/figcaption><\/figure>\n\n\n\n<div style=\"height:15px\" aria-hidden=\"true\" class=\"wp-block-spacer\"><\/div>\n\n\n\n<p><\/p>\n\n\n\n<p class=\"has-merriweather-font-family\" style=\"font-size:14px\"><strong>Article 9.3 : La gestion des cookies<\/strong><\/p>\n\n\n\n<div style=\"height:15px\" aria-hidden=\"true\" class=\"wp-block-spacer\"><\/div>\n\n\n\n<p class=\"has-merriweather-font-family\" style=\"font-size:14px\">Sauf exception des cookies n\u00e9cessaires au bon fonctionnement de la plateforme, les autres cookies sont soumis au consentement de l\u2019utilisateur. Ainsi, outlYing SUARL, vous assure qu\u2019aucun cookie ne sera install\u00e9 sans votre consentement.<br>Lorsque vous cliquez sur le bouton \u201cTout accepter\u201d du bandeau de communication des cookies, vous consentez \u00e0 l\u2019utilisation et au d\u00e9p\u00f4t de tous les cookies sur votre terminal.<br>Vous pouvez cependant choisir le d\u00e9p\u00f4t d\u2019une partie des cookies en cliquant sur le bouton \u201cpersonnaliser mes choix\u201d.<br>Vous pouvez \u00e9galement refuser les cookies en cliquant sur \u201cTout refuser\u201d ou en configurant les cookies depuis la partie \u201cpersonnaliser mes choix\u201d.<br>Le consentement ainsi donn\u00e9 est valable pour une dur\u00e9e maximale de 6 mois \u00e0 compter du premier d\u00e9p\u00f4t de cookie sur votre terminal.<br>Vous pouvez \u00e0 tout moment revenir sur votre d\u00e9cision en acceptant ou en refusant depuis notre gestionnaire de cookies.<\/p>\n\n\n\n<div style=\"height:15px\" aria-hidden=\"true\" class=\"wp-block-spacer\"><\/div>\n\n\n\n<div style=\"height:15px\" aria-hidden=\"true\" class=\"wp-block-spacer\"><\/div>\n\n\n\n<p class=\"has-primary-color has-text-color has-link-color has-merriweather-font-family has-normal-font-size wp-elements-2760f239fa024b18932f69b0e03534db\">Article 10 : Vos droits<\/p>\n\n\n\n<div style=\"height:15px\" aria-hidden=\"true\" class=\"wp-block-spacer\"><\/div>\n\n\n\n<p class=\"has-merriweather-font-family\" style=\"font-size:14px\">Toute personne concern\u00e9e par un traitement de donn\u00e9es dispose de droits dans le but de garder une ma\u00eetrise sur ses donn\u00e9es.<br>Vous pouvez ainsi vous pr\u00e9valoir des droits suivants :<br>\u2013 <strong>Droit d\u2019acc\u00e8s<\/strong> \u2013 Article 15 du RGPD \u2013 pour obtenir des informations concernant le traitement effectu\u00e9 sur vos donn\u00e9es, d\u2019acc\u00e9der \u00e0 toutes les donn\u00e9es d\u00e9tenues sur vous et d\u2019en obtenir une copie.<br><strong>\u2013 Droit de rectification <\/strong>\u2013 Article 16 du RGPD \u2013 pour modifier ou compl\u00e9ter les donn\u00e9es incompl\u00e8tes ou inexactes vous concernant.<br>\u2013<strong> Droit \u00e0 l\u2019effacement<\/strong> \u2013 Article 17 du RGPD \u2013 pour proc\u00e9der \u00e0 la suppression de toutes les donn\u00e9es vous concernant.<br>\u2013<strong> Droit de limitation du traitement<\/strong> \u2013 Article 18 du RGPD \u2013 permet de limiter pendant un certain temps l\u2019utilisation des donn\u00e9es vous concernant.<br>\u2013<strong> Droit \u00e0 la portabilit\u00e9 des donn\u00e9es<\/strong> \u2013 Article 20 du RGPD \u2013 permet de recevoir, r\u00e9utiliser et transmettre \u00e0 un autre responsable des donn\u00e9es vous concernant.<br>\u2013<strong> Droit d\u2019opposition<\/strong> \u2013 Article 21 du RGPD \u2013 vous permet de vous opposer au traitement des donn\u00e9es vous concernant.<br>\u2013<strong> Droit de retrait du consentement \u00e0 tout moment<\/strong>.<br>Pour toute demande d\u2019ex\u00e9cution de droits, la soci\u00e9t\u00e9 outlYing SUARL, se r\u00e9serve la possibilit\u00e9 de demander un justificatif d\u2019identit\u00e9 en cas de doute raisonnable sur l\u2019identit\u00e9 du demandeur.<br>Vous pouvez formuler les directives relatives \u00e0 la conservation, l\u2019effacement et la communication de vos donn\u00e9es personnelles apr\u00e8s votre d\u00e9c\u00e8s \u00e0 l\u2019adresse suivante : <strong>webmaster@elguid.com<\/strong><\/p>\n\n\n\n<div style=\"height:15px\" aria-hidden=\"true\" class=\"wp-block-spacer\"><\/div>\n\n\n\n<p class=\"has-primary-color has-text-color has-link-color has-merriweather-font-family has-normal-font-size wp-elements-4527d6d2edbf1b3f77eee0e1c1090727\">Article 11 : L\u2019exercice de vos droits<\/p>\n\n\n\n<div style=\"height:15px\" aria-hidden=\"true\" class=\"wp-block-spacer\"><\/div>\n\n\n\n<p class=\"has-merriweather-font-family\" style=\"font-size:14px\">Pour exercer vos droits, veuillez vous adresser directement par courrier \u00e0 ElGuide : <strong>webmaster@elguid.com<\/strong>.<br>\u00c0 compter de la r\u00e9ception de la demande, la soci\u00e9t\u00e9 outlYing SUARL, vous r\u00e9pondra dans un d\u00e9lai maximum d\u20191 mois. Cependant, le d\u00e9lai peut \u00eatre prolong\u00e9, en cas de demande complexe.<br>En cas de non-respect de vos droits ou du d\u00e9lai \u00e9tabli, vous pouvez \u00e9galement adresser une r\u00e9clamation \u00e0 la CNIL soit sur le site internet : <a href=\"https:\/\/www.cnil.fr\/fr\/agir\">https:\/\/www.cnil.fr\/fr\/agir<\/a> ou par voie postale \u00e0 l\u2019adresse suivante : commission Nationale de l\u2019Informatique et des Libert\u00e9s, 3 Place de Fontenoy \u2013 TSA 80715, 75334 PARIS CEDEX.<\/p>\n\n\n\n<div style=\"height:15px\" aria-hidden=\"true\" class=\"wp-block-spacer\"><\/div>\n\n\n\n<p class=\"has-primary-color has-text-color has-link-color has-merriweather-font-family has-normal-font-size wp-elements-e3bee789dab71e04af9690caa31349f1\">Article 12 : S\u00e9curit\u00e9 et notification<\/p>\n\n\n\n<div style=\"height:15px\" aria-hidden=\"true\" class=\"wp-block-spacer\"><\/div>\n\n\n\n<p class=\"has-merriweather-font-family\" style=\"font-size:14px\"><strong>Article 12.1 : S\u00e9curit\u00e9<\/strong><\/p>\n\n\n\n<div style=\"height:10px\" aria-hidden=\"true\" class=\"wp-block-spacer\"><\/div>\n\n\n\n<p class=\"has-merriweather-font-family\" style=\"font-size:14px\">En tant que responsable de traitement, la soci\u00e9t\u00e9 outlYing SUARL,&nbsp;s\u2019engage \u00e0 mettre en place toutes les mesures techniques et organisationnelles pour garantir un niveau ad\u00e9quat de s\u00e9curit\u00e9.&nbsp;<\/p>\n\n\n\n<div style=\"height:10px\" aria-hidden=\"true\" class=\"wp-block-spacer\"><\/div>\n\n\n\n<p class=\"has-merriweather-font-family\" style=\"font-size:14px\"><strong>Article 12.2 : Notification en cas d\u2019incident<\/strong><\/p>\n\n\n\n<div style=\"height:10px\" aria-hidden=\"true\" class=\"wp-block-spacer\"><\/div>\n\n\n\n<p class=\"has-merriweather-font-family\" style=\"font-size:14px\">ElGuide, s\u2019engage \u00e0 notifier par mail en cas d\u2019incident, les utilisateurs concern\u00e9s par une br\u00e8che de s\u00e9curit\u00e9.<br>ElGuide, s\u2019engage \u00e9galement \u00e0 mettre en \u0153uvre toutes les proc\u00e9dures suppl\u00e9mentaires de notification n\u00e9cessaires \u00e0 la sauvegarde de vos droits de votre vie priv\u00e9e, en cas de br\u00e8che de s\u00e9curit\u00e9.<\/p>\n\n\n\n<div style=\"height:15px\" aria-hidden=\"true\" class=\"wp-block-spacer\"><\/div>\n\n\n\n<p class=\"has-primary-color has-text-color has-link-color has-merriweather-font-family has-normal-font-size wp-elements-9e6fa6f7f6c3f1b6ca18b976781798d3\">Article 13 : Modification des mentions et politique<\/p>\n\n\n\n<p>outlYing SUARL, se r\u00e9serve le droit de modifier la pr\u00e9sente politique de confidentialit\u00e9 \u00e0 tout moment, afin d\u2019assurer un certain niveau de conformit\u00e9 en cas d\u2019\u00e9volution r\u00e9glementaire relative aux donn\u00e9es \u00e0 caract\u00e8re.<\/p>\n\n\n\n<div style=\"height:100px\" aria-hidden=\"true\" class=\"wp-block-spacer\"><\/div>\n","protected":false},"excerpt":{"rendered":"<p>Article 1 : Pr\u00e9ambule ElGuide, qui fait partie d\u2019outlYing SUARL, vous estime en tant que partenaire et reconna\u00eet l\u2019importance que rev\u00eat la protection des donn\u00e9es \u00e0 vos yeux. La pr\u00e9sente D\u00e9claration sur la protection des donn\u00e9es vous explique comment nous collectons, utilisons et divulguons vos informations personnelles lorsque vous utilisez notre plateforme et les services connexes, ainsi que vos droits de d\u00e9termination concernant la mani\u00e8re dont nous traitons les donn\u00e9es que nous collectons et d\u00e9tenons \u00e0 votre sujet. Cette politique vient compl\u00e9ter les mentions l\u00e9gales. Article 2 : Le respect des principes de traitement des donn\u00e9es \u00e0 caract\u00e8re personnel outlYing<\/p>\n","protected":false},"author":2,"featured_media":0,"parent":0,"menu_order":0,"comment_status":"closed","ping_status":"closed","template":"","meta":{"footnotes":"[]"},"class_list":["post-812","page","type-page","status-publish","hentry"],"_links":{"self":[{"href":"https:\/\/www.elguid.com\/Y008\/wp-json\/wp\/v2\/pages\/812","targetHints":{"allow":["GET"]}}],"collection":[{"href":"https:\/\/www.elguid.com\/Y008\/wp-json\/wp\/v2\/pages"}],"about":[{"href":"https:\/\/www.elguid.com\/Y008\/wp-json\/wp\/v2\/types\/page"}],"author":[{"embeddable":true,"href":"https:\/\/www.elguid.com\/Y008\/wp-json\/wp\/v2\/users\/2"}],"replies":[{"embeddable":true,"href":"https:\/\/www.elguid.com\/Y008\/wp-json\/wp\/v2\/comments?post=812"}],"version-history":[{"count":15,"href":"https:\/\/www.elguid.com\/Y008\/wp-json\/wp\/v2\/pages\/812\/revisions"}],"predecessor-version":[{"id":981,"href":"https:\/\/www.elguid.com\/Y008\/wp-json\/wp\/v2\/pages\/812\/revisions\/981"}],"wp:attachment":[{"href":"https:\/\/www.elguid.com\/Y008\/wp-json\/wp\/v2\/media?parent=812"}],"curies":[{"name":"wp","href":"https:\/\/api.w.org\/{rel}","templated":true}]}}